{"id":55,"date":"2020-03-23T14:46:05","date_gmt":"2020-03-23T14:46:05","guid":{"rendered":"https:\/\/judo-hannes.ch\/?page_id=55"},"modified":"2020-03-24T16:00:27","modified_gmt":"2020-03-24T16:00:27","slug":"tag-1","status":"publish","type":"page","link":"https:\/\/judo-hannes.ch\/index.php\/tag-1\/","title":{"rendered":"Tag 1"},"content":{"rendered":"\n<h2 class=\"wp-block-heading\">23. M\u00e4rz 2020 \/ 19:00 Uhr<\/h2>\n\n\n\n<p><strong>Vom Stuhl aufstehen und absitzen.<\/strong> Arme horizontal nach vorne gestreckt.<br>Drei mal 15 Wiederholungen.<br><br><strong>Beine auf ab.<\/strong> Auf dem R\u00fccken liegen, Beine hochheben, in der H\u00e4lfte, oben und unten einen Stopp von 3 Sekunden einlegen.<br>Zwei mal 10 Wiederholungen<br><br><strong>Seltsames Flugzeug<\/strong>. Auf allen Vieren (Knie H\u00e4nde), rechtes Bein und linker Arm horizontal ausstrecken. Auf f\u00fcnf Z\u00e4hlen. Wechseln, linkes Bein und rechter Arm&#8230;<br>Drei mal 10 Wiederholungen<br><br><strong>Bergsteiger<\/strong> Gehe in die Liegest\u00fctzposition. Rechtes Bein zum Bauch anziehen, drei Sekunden halten. Wechseln, linkes Bein\u2026<br>Mindestens jedes Bein 10 mal<br><br><strong>Lunges<\/strong> Ausfallschritt hoch \u2013 tief<br>Jedes Bein dreimal 10 Wiederholungen <br><br><strong>Liegest\u00fctzen<\/strong> mindestesten 10 St\u00fcck<br><br>FERTIG<br><br><\/p>\n\n\n\n<p><\/p>\n","protected":false},"excerpt":{"rendered":"<p>23. M\u00e4rz 2020 \/ 19:00 Uhr Vom Stuhl aufstehen und absitzen. Arme horizontal nach vorne gestreckt.Drei mal 15 Wiederholungen. Beine auf ab. Auf dem R\u00fccken liegen, Beine hochheben, in der H\u00e4lfte, oben und unten einen Stopp von 3 Sekunden einlegen.Zwei mal 10 Wiederholungen Seltsames Flugzeug. Auf allen Vieren (Knie H\u00e4nde), rechtes Bein und linker Arm &hellip; <\/p>\n<p class=\"link-more\"><a href=\"https:\/\/judo-hannes.ch\/index.php\/tag-1\/\" class=\"more-link\"><span class=\"screen-reader-text\">\u201eTag 1\u201c<\/span> weiterlesen<\/a><\/p>\n","protected":false},"author":1,"featured_media":0,"parent":0,"menu_order":0,"comment_status":"closed","ping_status":"closed","template":"","meta":{"footnotes":""},"class_list":["post-55","page","type-page","status-publish","hentry"],"_links":{"self":[{"href":"https:\/\/judo-hannes.ch\/index.php\/wp-json\/wp\/v2\/pages\/55","targetHints":{"allow":["GET"]}}],"collection":[{"href":"https:\/\/judo-hannes.ch\/index.php\/wp-json\/wp\/v2\/pages"}],"about":[{"href":"https:\/\/judo-hannes.ch\/index.php\/wp-json\/wp\/v2\/types\/page"}],"author":[{"embeddable":true,"href":"https:\/\/judo-hannes.ch\/index.php\/wp-json\/wp\/v2\/users\/1"}],"replies":[{"embeddable":true,"href":"https:\/\/judo-hannes.ch\/index.php\/wp-json\/wp\/v2\/comments?post=55"}],"version-history":[{"count":3,"href":"https:\/\/judo-hannes.ch\/index.php\/wp-json\/wp\/v2\/pages\/55\/revisions"}],"predecessor-version":[{"id":91,"href":"https:\/\/judo-hannes.ch\/index.php\/wp-json\/wp\/v2\/pages\/55\/revisions\/91"}],"wp:attachment":[{"href":"https:\/\/judo-hannes.ch\/index.php\/wp-json\/wp\/v2\/media?parent=55"}],"curies":[{"name":"wp","href":"https:\/\/api.w.org\/{rel}","templated":true}]}}