{"id":50,"date":"2020-03-23T14:41:27","date_gmt":"2020-03-23T14:41:27","guid":{"rendered":"https:\/\/judo-hannes.ch\/?page_id=50"},"modified":"2020-03-31T17:54:16","modified_gmt":"2020-03-31T17:54:16","slug":"fit-bleiben","status":"publish","type":"page","link":"https:\/\/judo-hannes.ch\/index.php\/fit-bleiben\/","title":{"rendered":"Fit bleiben"},"content":{"rendered":"\n<h2 class=\"wp-block-heading\">Tun wir etwas f\u00fcr unsere Gesundheit<\/h2>\n\n\n\n<p>In dieser ausserordentlichen Zeit wollen wir etwas f\u00fcr unsere Fitness tun. Damit unsere Muskeln, wenn es dann vorbei ist, nicht all zu sehr jammern.<\/p>\n\n\n\n<p><a href=\"https:\/\/judo-hannes.ch\/index.php\/fuenf-tibeter\/\">Die F\u00fcnf Tibeter<\/a><\/p>\n\n\n\n<p>\u00dcbungen f\u00fcr sechs Tage<br><a href=\"https:\/\/judo-hannes.ch\/index.php\/tag-1\/\">Tag 1 \/ 23. M\u00e4rz 2020<\/a><br><a href=\"https:\/\/judo-hannes.ch\/index.php\/tag-2\/\">Tag 2 \/ 24. M\u00e4rz 2020<\/a><br><a href=\"https:\/\/judo-hannes.ch\/index.php\/tag-3\/\">Tag 3 \/ 25. M\u00e4rz 2020<\/a><br><a href=\"https:\/\/judo-hannes.ch\/index.php\/tag-4\/\">Tag 4 \/ 26. M\u00e4rz 2020<\/a><br><a href=\"https:\/\/judo-hannes.ch\/index.php\/tag-5\/\">Tag 5 \/ 27. M\u00e4rz 2020<\/a><br><a href=\"https:\/\/judo-hannes.ch\/index.php\/tag-6\/\">Tag 6 \/ 28. M\u00e4rz 2020<\/a><\/p>\n","protected":false},"excerpt":{"rendered":"<p>Tun wir etwas f\u00fcr unsere Gesundheit In dieser ausserordentlichen Zeit wollen wir etwas f\u00fcr unsere Fitness tun. Damit unsere Muskeln, wenn es dann vorbei ist, nicht all zu sehr jammern. Die F\u00fcnf Tibeter \u00dcbungen f\u00fcr sechs TageTag 1 \/ 23. M\u00e4rz 2020Tag 2 \/ 24. M\u00e4rz 2020Tag 3 \/ 25. M\u00e4rz 2020Tag 4 \/ 26. &hellip; <\/p>\n<p class=\"link-more\"><a href=\"https:\/\/judo-hannes.ch\/index.php\/fit-bleiben\/\" class=\"more-link\"><span class=\"screen-reader-text\">\u201eFit bleiben\u201c<\/span> weiterlesen<\/a><\/p>\n","protected":false},"author":1,"featured_media":0,"parent":0,"menu_order":0,"comment_status":"closed","ping_status":"closed","template":"","meta":{"footnotes":""},"class_list":["post-50","page","type-page","status-publish","hentry"],"_links":{"self":[{"href":"https:\/\/judo-hannes.ch\/index.php\/wp-json\/wp\/v2\/pages\/50","targetHints":{"allow":["GET"]}}],"collection":[{"href":"https:\/\/judo-hannes.ch\/index.php\/wp-json\/wp\/v2\/pages"}],"about":[{"href":"https:\/\/judo-hannes.ch\/index.php\/wp-json\/wp\/v2\/types\/page"}],"author":[{"embeddable":true,"href":"https:\/\/judo-hannes.ch\/index.php\/wp-json\/wp\/v2\/users\/1"}],"replies":[{"embeddable":true,"href":"https:\/\/judo-hannes.ch\/index.php\/wp-json\/wp\/v2\/comments?post=50"}],"version-history":[{"count":10,"href":"https:\/\/judo-hannes.ch\/index.php\/wp-json\/wp\/v2\/pages\/50\/revisions"}],"predecessor-version":[{"id":150,"href":"https:\/\/judo-hannes.ch\/index.php\/wp-json\/wp\/v2\/pages\/50\/revisions\/150"}],"wp:attachment":[{"href":"https:\/\/judo-hannes.ch\/index.php\/wp-json\/wp\/v2\/media?parent=50"}],"curies":[{"name":"wp","href":"https:\/\/api.w.org\/{rel}","templated":true}]}}