{"id":167,"date":"2025-10-26T14:11:54","date_gmt":"2025-10-26T14:11:54","guid":{"rendered":"https:\/\/judo-hannes.ch\/?page_id=167"},"modified":"2025-10-26T14:16:48","modified_gmt":"2025-10-26T14:16:48","slug":"kata-judo-und-jiu-jitsu","status":"publish","type":"page","link":"https:\/\/judo-hannes.ch\/index.php\/kata-judo-und-jiu-jitsu\/","title":{"rendered":"Kata &#8211; Judo und Jiu Jitsu"},"content":{"rendered":"\n<p><strong>Judo-Kata<\/strong> sind festgelegte und namentlich benannte Abfolgen von Techniken, die den \u00dcbenden Prinzipien vermitteln sollen. Diese Abl\u00e4ufe, die als Kata \u2013 also Formen \u2013 bezeichnet werden, werden im Folgenden n\u00e4her beschrieben. Andererseits kann Kata auch das \u00dcben von einzelnen Techniken mit einem Partner au\u00dferhalb dieser Abl\u00e4ufe bezeichnen, wobei der Partner im Gegensatz zum Randori auf die zu \u00fcbende Technik eingestellt ist. Das Wort Kata wird in diesem Sinne im deutschen Sprachraum jedoch nur noch selten gebraucht. Im Gegensatz zu vielen anderen Kampfk\u00fcnsten werden Kata im Judo fast ausschlie\u00dflich zusammen mit einem Partner durchgef\u00fchrt. Fast alle Judo-Kata stammen aus dem traditionellen Jiu Jitsu, wo sie noch heute Bestandteil der Meisterpr\u00fcfungen sind.<\/p>\n\n\n\n<p>Quelle: <a href=\"https:\/\/de.wikipedia.org\/wiki\/Kata_(J%C5%ABd%C5%8D)\">Kata (J\u016bd\u014d<\/a>) &#8211; <a href=\"https:\/\/de.wikipedia.org\/wiki\/Kata_(J%C5%ABd%C5%8D)\">Wikipedia<\/a><\/p>\n\n\n\n<p><a href=\"https:\/\/sjv.ch\/wege_zum_dan\" data-type=\"link\" data-id=\"https:\/\/sjv.ch\/wege_zum_dan\" target=\"_blank\" rel=\"noreferrer noopener\">Danwesen SJV<\/a><\/p>\n\n\n\n<p><\/p>\n","protected":false},"excerpt":{"rendered":"<p>Judo-Kata sind festgelegte und namentlich benannte Abfolgen von Techniken, die den \u00dcbenden Prinzipien vermitteln sollen. Diese Abl\u00e4ufe, die als Kata \u2013 also Formen \u2013 bezeichnet werden, werden im Folgenden n\u00e4her beschrieben. Andererseits kann Kata auch das \u00dcben von einzelnen Techniken mit einem Partner au\u00dferhalb dieser Abl\u00e4ufe bezeichnen, wobei der Partner im Gegensatz zum Randori auf &hellip; <\/p>\n<p class=\"link-more\"><a href=\"https:\/\/judo-hannes.ch\/index.php\/kata-judo-und-jiu-jitsu\/\" class=\"more-link\"><span class=\"screen-reader-text\">\u201eKata &#8211; Judo und Jiu Jitsu\u201c<\/span> weiterlesen<\/a><\/p>\n","protected":false},"author":1,"featured_media":0,"parent":0,"menu_order":0,"comment_status":"closed","ping_status":"closed","template":"","meta":{"footnotes":""},"class_list":["post-167","page","type-page","status-publish","hentry"],"_links":{"self":[{"href":"https:\/\/judo-hannes.ch\/index.php\/wp-json\/wp\/v2\/pages\/167","targetHints":{"allow":["GET"]}}],"collection":[{"href":"https:\/\/judo-hannes.ch\/index.php\/wp-json\/wp\/v2\/pages"}],"about":[{"href":"https:\/\/judo-hannes.ch\/index.php\/wp-json\/wp\/v2\/types\/page"}],"author":[{"embeddable":true,"href":"https:\/\/judo-hannes.ch\/index.php\/wp-json\/wp\/v2\/users\/1"}],"replies":[{"embeddable":true,"href":"https:\/\/judo-hannes.ch\/index.php\/wp-json\/wp\/v2\/comments?post=167"}],"version-history":[{"count":4,"href":"https:\/\/judo-hannes.ch\/index.php\/wp-json\/wp\/v2\/pages\/167\/revisions"}],"predecessor-version":[{"id":173,"href":"https:\/\/judo-hannes.ch\/index.php\/wp-json\/wp\/v2\/pages\/167\/revisions\/173"}],"wp:attachment":[{"href":"https:\/\/judo-hannes.ch\/index.php\/wp-json\/wp\/v2\/media?parent=167"}],"curies":[{"name":"wp","href":"https:\/\/api.w.org\/{rel}","templated":true}]}}