{"id":111,"date":"2020-03-27T17:56:27","date_gmt":"2020-03-27T17:56:27","guid":{"rendered":"https:\/\/judo-hannes.ch\/?page_id=111"},"modified":"2020-03-27T17:56:27","modified_gmt":"2020-03-27T17:56:27","slug":"tag-4","status":"publish","type":"page","link":"https:\/\/judo-hannes.ch\/index.php\/tag-4\/","title":{"rendered":"Tag 4"},"content":{"rendered":"<h2 class=\"rich-text editor-rich-text__editable block-editor-rich-text__editable is-selected\" role=\"textbox\" contenteditable=\"true\" aria-multiline=\"true\" aria-label=\"Schreib eine \u00dcberschrift\u2026\">26. M\u00e4rz 2020 \/ 19:00 Uhr<!--StartFragment--><\/h2>\n\n\n<p>Aus aktuellem Anlass gibt es heute keine neuen \u00dcbungen<\/p>\n\n\n\n<figure class=\"wp-block-image size-large\"><img loading=\"lazy\" decoding=\"async\" width=\"300\" height=\"317\" src=\"https:\/\/judo-hannes.ch\/wp-content\/uploads\/2020\/03\/Abendessen.jpg\" alt=\"\" class=\"wp-image-112\" srcset=\"https:\/\/judo-hannes.ch\/wp-content\/uploads\/2020\/03\/Abendessen.jpg 300w, https:\/\/judo-hannes.ch\/wp-content\/uploads\/2020\/03\/Abendessen-284x300.jpg 284w\" sizes=\"auto, (max-width: 300px) 100vw, 300px\" \/><\/figure>\n\n\n\n<p>Wenn ihr wollt, k\u00f6nnt ihr die \u00dcbungen von <a href=\"https:\/\/judo-hannes.ch\/index.php\/tag-3\/\">Tag 3<\/a> nochmals machen.<\/p>\n\n\n\n<p><\/p>\n","protected":false},"excerpt":{"rendered":"<p>26. M\u00e4rz 2020 \/ 19:00 Uhr Aus aktuellem Anlass gibt es heute keine neuen \u00dcbungen Wenn ihr wollt, k\u00f6nnt ihr die \u00dcbungen von Tag 3 nochmals machen.<\/p>\n","protected":false},"author":1,"featured_media":0,"parent":0,"menu_order":0,"comment_status":"closed","ping_status":"closed","template":"","meta":{"footnotes":""},"class_list":["post-111","page","type-page","status-publish","hentry"],"_links":{"self":[{"href":"https:\/\/judo-hannes.ch\/index.php\/wp-json\/wp\/v2\/pages\/111","targetHints":{"allow":["GET"]}}],"collection":[{"href":"https:\/\/judo-hannes.ch\/index.php\/wp-json\/wp\/v2\/pages"}],"about":[{"href":"https:\/\/judo-hannes.ch\/index.php\/wp-json\/wp\/v2\/types\/page"}],"author":[{"embeddable":true,"href":"https:\/\/judo-hannes.ch\/index.php\/wp-json\/wp\/v2\/users\/1"}],"replies":[{"embeddable":true,"href":"https:\/\/judo-hannes.ch\/index.php\/wp-json\/wp\/v2\/comments?post=111"}],"version-history":[{"count":1,"href":"https:\/\/judo-hannes.ch\/index.php\/wp-json\/wp\/v2\/pages\/111\/revisions"}],"predecessor-version":[{"id":113,"href":"https:\/\/judo-hannes.ch\/index.php\/wp-json\/wp\/v2\/pages\/111\/revisions\/113"}],"wp:attachment":[{"href":"https:\/\/judo-hannes.ch\/index.php\/wp-json\/wp\/v2\/media?parent=111"}],"curies":[{"name":"wp","href":"https:\/\/api.w.org\/{rel}","templated":true}]}}