{"id":100,"date":"2020-03-25T17:50:36","date_gmt":"2020-03-25T17:50:36","guid":{"rendered":"https:\/\/judo-hannes.ch\/?page_id=100"},"modified":"2020-03-25T17:50:36","modified_gmt":"2020-03-25T17:50:36","slug":"tag-3","status":"publish","type":"page","link":"https:\/\/judo-hannes.ch\/index.php\/tag-3\/","title":{"rendered":"Tag 3"},"content":{"rendered":"\n<h2 class=\"wp-block-heading\">25. M\u00e4rz 2020 \/ 19:00 Uhr<\/h2>\n\n\n\n<p>Bei den folgenden \u00dcbungen achte darauf, dass du schulterbreit aufrecht stehst.<\/p>\n\n\n\n<p><strong>Mit dem Ohr zur Schulter.<\/strong> Mit langsamen Bewegungen den Kopf zur Seite neigen und h\u00f6ren was die Schulter sagt. Abwechslungsweise links und rechts. Die Handfl\u00e4chen ziehen dabei zum Boden. ca. 1 Minute<\/p>\n\n\n\n<p><strong>Sieh dich um.<\/strong> Mit langsamen Bewegungen nach rechts schauen und nach links schauen. W\u00e4hrend einer Minute wiederholen.<\/p>\n\n\n\n<p><strong>Kreise deine Arme.<\/strong> Strecke deine Arme zur Seite aus. Mach mit den Armen zuerst kleine Kreise die immer gr\u00f6sser werden. Wechsle die Richtung wenn die Kreise nicht mehr gr\u00f6sser werden und mache wieder kleinere Kreise. Wiederhole die Bewegung w\u00e4hrend einer Minute.<\/p>\n\n\n\n<p><strong>Kreise deine H\u00fcfte. <\/strong>Kreise deine H\u00fcfte 10 mal links herum und 10 mal rechts herum. Wiederhole das w\u00e4hrend einer Minute.<\/p>\n\n\n\n<p><strong>Rumpfbeugen.<\/strong> Leg dich mit dem R\u00fccken auf den Boden. Stelle deine F\u00fcsse auf und mach deine Rumpfbeugen w\u00e4hrend einer Minute.<\/p>\n\n\n\n<p><strong>Zeige zum Himmel.<\/strong> Gehe in die Liegest\u00fctz-Position. Zeige mit deinem rechten Arm zum Himmel, drehe deine Oberk\u00f6rper mit und schau nach oben. Wiederhole das links und rechts w\u00e4hrend einer Minute.<\/p>\n\n\n\n<p><strong>Streck dich.<\/strong> Steh schulterbreit hin. Strecke dein Arme nach oben und hinten. Atme tief ein. Geh langsam mit den Armen zu den F\u00fcssen. Atme aus. Wiederhole das f\u00fcnf mal.<\/p>\n\n\n\n<p>FERTIG \ud83d\ude42<\/p>\n","protected":false},"excerpt":{"rendered":"<p>25. M\u00e4rz 2020 \/ 19:00 Uhr Bei den folgenden \u00dcbungen achte darauf, dass du schulterbreit aufrecht stehst. Mit dem Ohr zur Schulter. Mit langsamen Bewegungen den Kopf zur Seite neigen und h\u00f6ren was die Schulter sagt. Abwechslungsweise links und rechts. Die Handfl\u00e4chen ziehen dabei zum Boden. ca. 1 Minute Sieh dich um. Mit langsamen Bewegungen &hellip; <\/p>\n<p class=\"link-more\"><a href=\"https:\/\/judo-hannes.ch\/index.php\/tag-3\/\" class=\"more-link\"><span class=\"screen-reader-text\">\u201eTag 3\u201c<\/span> weiterlesen<\/a><\/p>\n","protected":false},"author":1,"featured_media":0,"parent":0,"menu_order":0,"comment_status":"closed","ping_status":"closed","template":"","meta":{"footnotes":""},"class_list":["post-100","page","type-page","status-publish","hentry"],"_links":{"self":[{"href":"https:\/\/judo-hannes.ch\/index.php\/wp-json\/wp\/v2\/pages\/100","targetHints":{"allow":["GET"]}}],"collection":[{"href":"https:\/\/judo-hannes.ch\/index.php\/wp-json\/wp\/v2\/pages"}],"about":[{"href":"https:\/\/judo-hannes.ch\/index.php\/wp-json\/wp\/v2\/types\/page"}],"author":[{"embeddable":true,"href":"https:\/\/judo-hannes.ch\/index.php\/wp-json\/wp\/v2\/users\/1"}],"replies":[{"embeddable":true,"href":"https:\/\/judo-hannes.ch\/index.php\/wp-json\/wp\/v2\/comments?post=100"}],"version-history":[{"count":1,"href":"https:\/\/judo-hannes.ch\/index.php\/wp-json\/wp\/v2\/pages\/100\/revisions"}],"predecessor-version":[{"id":101,"href":"https:\/\/judo-hannes.ch\/index.php\/wp-json\/wp\/v2\/pages\/100\/revisions\/101"}],"wp:attachment":[{"href":"https:\/\/judo-hannes.ch\/index.php\/wp-json\/wp\/v2\/media?parent=100"}],"curies":[{"name":"wp","href":"https:\/\/api.w.org\/{rel}","templated":true}]}}